{"id":7760,"date":"2022-07-22T14:45:11","date_gmt":"2022-07-22T14:45:11","guid":{"rendered":"https:\/\/goatpixel.com\/?page_id=7760"},"modified":"2022-07-26T10:09:27","modified_gmt":"2022-07-26T10:09:27","slug":"juniorgamingpr","status":"publish","type":"page","link":"https:\/\/goatpixel.com\/en\/juniorgamingpr\/","title":{"rendered":"Junior Gaming PR &#038; Communications Manager"},"content":{"rendered":"<div data-elementor-type=\"wp-page\" data-elementor-id=\"7760\" class=\"elementor elementor-7760\" data-elementor-post-type=\"page\">\n\t\t\t\t\t\t<section class=\"elementor-section elementor-top-section elementor-element elementor-element-1b33842 elementor-section-height-min-height elementor-section-boxed elementor-section-height-default elementor-section-items-middle\" data-id=\"1b33842\" data-element_type=\"section\">\n\t\t\t\t\t\t\t<div class=\"elementor-background-overlay\"><\/div>\n\t\t\t\t\t\t\t<div class=\"elementor-container elementor-column-gap-default\">\n\t\t\t\t\t<div class=\"elementor-column elementor-col-100 elementor-top-column elementor-element elementor-element-52b38f4\" data-id=\"52b38f4\" data-element_type=\"column\" data-settings=\"{&quot;background_background&quot;:&quot;classic&quot;}\">\n\t\t\t<div class=\"elementor-widget-wrap elementor-element-populated\">\n\t\t\t\t\t\t<div class=\"elementor-element elementor-element-3c39a7a elementor-widget__width-auto elementor-widget elementor-widget-heading\" data-id=\"3c39a7a\" data-element_type=\"widget\" data-widget_type=\"heading.default\">\n\t\t\t\t<div class=\"elementor-widget-container\">\n\t\t\t\t\t<div class=\"elementor-heading-title elementor-size-default\">Comunica\u00e7\u00e3o<\/div>\t\t\t\t<\/div>\n\t\t\t\t<\/div>\n\t\t\t\t<div class=\"elementor-element elementor-element-8491919 elementor-widget elementor-widget-heading\" data-id=\"8491919\" data-element_type=\"widget\" data-widget_type=\"heading.default\">\n\t\t\t\t<div class=\"elementor-widget-container\">\n\t\t\t\t\t<h4 class=\"elementor-heading-title elementor-size-default\">Junior Gaming PR &amp; Communications Manager \/ Gestor(a) de Comunica\u00e7\u00e3o e Rela\u00e7\u00f5es P\u00fablicas de Gaming<\/h4>\t\t\t\t<\/div>\n\t\t\t\t<\/div>\n\t\t\t\t\t<\/div>\n\t\t<\/div>\n\t\t\t\t\t<\/div>\n\t\t<\/section>\n\t\t\t\t<section class=\"elementor-section elementor-top-section elementor-element elementor-element-8529f41 elementor-section-boxed elementor-section-height-default elementor-section-height-default\" data-id=\"8529f41\" data-element_type=\"section\" data-settings=\"{&quot;background_background&quot;:&quot;gradient&quot;}\">\n\t\t\t\t\t\t<div class=\"elementor-container elementor-column-gap-default\">\n\t\t\t\t\t<div class=\"elementor-column elementor-col-33 elementor-top-column elementor-element elementor-element-04e6dcc\" data-id=\"04e6dcc\" data-element_type=\"column\">\n\t\t\t<div class=\"elementor-widget-wrap elementor-element-populated\">\n\t\t\t\t\t\t<div class=\"elementor-element elementor-element-c0294eb elementor-widget elementor-widget-text-editor\" data-id=\"c0294eb\" data-element_type=\"widget\" data-widget_type=\"text-editor.default\">\n\t\t\t\t<div class=\"elementor-widget-container\">\n\t\t\t\t\t\t\t\t\t<p><strong>Departamento<\/strong><br>Comunica\u00e7\u00e3o<\/p>\n<p><strong>Regime<\/strong><br>Full-Time<\/p>\n<p><strong>Localiza\u00e7\u00e3o<\/strong><br><span class=\"jobs-unified-top-card__bullet\">Lisbon, Portugal <em>(<\/em><\/span><em><span class=\"jobs-unified-top-card__workplace-type\">Hybrid)<\/span><\/em>&nbsp;<\/p>\n<p><strong>Sobre N\u00f3s<br><\/strong>A GOATPixel \u00e9 uma ag\u00eancia de comunica\u00e7\u00e3o e conte\u00fados especializada no mercado de Gaming e de Esports, funcionando como a interface entre marcas e os gamers. Trabalhamos lado a lado com influenciadores e marcas para criar estrat\u00e9gias de comunica\u00e7\u00e3o integrada e produzir os melhores conte\u00fados para a audi\u00eancia portuguesa. Confiam em n\u00f3s marcas como a IGN, PlayStation, Riot Games, Bandai Namco, Square Enix, SIC, Cisco, Yamaha, entre outras.<\/p>\t\t\t\t\t\t\t\t<\/div>\n\t\t\t\t<\/div>\n\t\t\t\t\t<\/div>\n\t\t<\/div>\n\t\t\t\t<div class=\"elementor-column elementor-col-66 elementor-top-column elementor-element elementor-element-6e7145d\" data-id=\"6e7145d\" data-element_type=\"column\">\n\t\t\t<div class=\"elementor-widget-wrap elementor-element-populated\">\n\t\t\t\t\t\t<div class=\"elementor-element elementor-element-e4b2b6f elementor-widget elementor-widget-text-editor\" data-id=\"e4b2b6f\" data-element_type=\"widget\" data-widget_type=\"text-editor.default\">\n\t\t\t\t<div class=\"elementor-widget-container\">\n\t\t\t\t\t\t\t\t\t<p><strong>Gestor de Comunica\u00e7\u00e3o:<\/strong><\/p><p>A partir do nosso escrit\u00f3rio de Lisboa, enquanto Gestor(a) de Comunica\u00e7\u00e3o e Rela\u00e7\u00f5es P\u00fablicas ter\u00e1s a oportunidade de criar e executar estrat\u00e9gias de rela\u00e7\u00f5es p\u00fablicas e comunica\u00e7\u00e3o para os servi\u00e7os prestados pela GOATPixel aos seus clientes, bem como aos projetos internos da pr\u00f3pria empresa.<\/p><p>O candidato ideal tem capacidades de comunica\u00e7\u00e3o criativa e disruptiva, e desenvolver\u00e1 uma \u00f3tima rela\u00e7\u00e3o com os agentes do mercado (de clientes a jornalistas, influenciadores a streamers).<\/p><p><strong>Responsabilidades:<\/strong><\/p><p>\u2022 Desenvolver planos de comunica\u00e7\u00e3o envolvendo estrat\u00e9gia, objetivos, or\u00e7amento e t\u00e1ticas a utilizar<br \/>\u2022 Desenvolver rela\u00e7\u00f5es e estrat\u00e9gias de relacionamento com os meios e stakeholders da \u00e1rea, cultivando as j\u00e1 existentes e procurando criar novas rela\u00e7\u00f5es com estes (jornalistas, influenciadores, jogadores profissionais, team-owners, entre outros)<br \/>\u2022 Criar conte\u00fados interessantes e informativos para comunicados de imprensa, press kits, newsletters e outros materiais de marketing<br \/>\u2022 Coordenar atividades de rela\u00e7\u00f5es p\u00fablicas<br \/>\u2022 Monitorizar, analisar e comunicar os resultados da atividade de rela\u00e7\u00f5es p\u00fablicas<br \/>\u2022 Supervisionar a cria\u00e7\u00e3o de materiais de marketing por forma a garantir a sua coer\u00eancia com a marca da organiza\u00e7\u00e3o, produto ou servi\u00e7o, bem como white papers, textos para o website, entre outros.<br \/>\u2022 Perceber rapidamente as tend\u00eancias da ind\u00fastria e a forma como afetam os clientes\/projetos, procurando fazer recomenda\u00e7\u00f5es relativas \u00e0 estrat\u00e9gia de comunica\u00e7\u00e3o que os envolve<\/p><p><strong>Requisitos:<br \/><\/strong>\u2022 Paix\u00e3o (ou experi\u00eancia profissional anterior) por gaming e cultura da internet<br \/>\u2022 Excelentes capacidades de organiza\u00e7\u00e3o<br \/>\u2022 Excelentes capacidades de comunica\u00e7\u00e3o escrita e verbal<br \/>\u2022 Dom\u00ednio da l\u00edngua inglesa (escrita e oral)<br \/>\u2022 Boas capacidades de multi-tasking<br \/>\u2022 Boa capacidade de gest\u00e3o de conflitos e negocia\u00e7\u00e3o<br \/>\u2022 Dom\u00ednio das principais redes sociais (Instagram, Tiktok e Twitter)<br \/>\u2022 Licenciatura (ou Mestrado) em Marketing, Publicidade, Comunica\u00e7\u00e3o Social ou \u00e1rea relevante<\/p><p><strong>Mais-valias:<br \/><\/strong>\u2022 Experi\u00eancia profissional anterior na \u00e1rea de rela\u00e7\u00f5es p\u00fablicas e comunica\u00e7\u00e3o, e de gest\u00e3o de campanhas nas mesmas<br \/>\u2022 Dom\u00ednio de ferramentas criativas Adobe (ou similares)<br \/>\u2022 Experi\u00eancia na cria\u00e7\u00e3o de campanhas para clientes na \u00e1rea dos videojogos e entretenimento<\/p>\t\t\t\t\t\t\t\t<\/div>\n\t\t\t\t<\/div>\n\t\t\t\t<div class=\"elementor-element elementor-element-c156e26 elementor-widget elementor-widget-button\" data-id=\"c156e26\" data-element_type=\"widget\" data-widget_type=\"button.default\">\n\t\t\t\t<div class=\"elementor-widget-container\">\n\t\t\t\t\t\t\t\t\t<div class=\"elementor-button-wrapper\">\n\t\t\t\t\t<a class=\"elementor-button elementor-button-link elementor-size-sm\" href=\"#elementor-action%3Aaction%3Dpopup%3Aopen%26settings%3DeyJpZCI6Ijc4NzQiLCJ0b2dnbGUiOmZhbHNlfQ%3D%3D\">\n\t\t\t\t\t\t<span class=\"elementor-button-content-wrapper\">\n\t\t\t\t\t\t\t\t\t<span class=\"elementor-button-text\">Candidata-te<\/span>\n\t\t\t\t\t<\/span>\n\t\t\t\t\t<\/a>\n\t\t\t\t<\/div>\n\t\t\t\t\t\t\t\t<\/div>\n\t\t\t\t<\/div>\n\t\t\t\t\t<\/div>\n\t\t<\/div>\n\t\t\t\t\t<\/div>\n\t\t<\/section>\n\t\t\t\t<\/div>","protected":false},"excerpt":{"rendered":"<p>Comunica\u00e7\u00e3o Junior Gaming PR &#038; Communications Manager \/ Gestor(a) de Comunica\u00e7\u00e3o e Rela\u00e7\u00f5es P\u00fablicas de Gaming DepartamentoComunica\u00e7\u00e3o RegimeFull-Time Localiza\u00e7\u00e3oLisbon, Portugal&#8230;<\/p>","protected":false},"author":1,"featured_media":7756,"parent":0,"menu_order":0,"comment_status":"closed","ping_status":"closed","template":"elementor_header_footer","meta":{"footnotes":""},"yoast_head":"<!-- This site is optimized with the Yoast SEO plugin v22.6 - https:\/\/yoast.com\/wordpress\/plugins\/seo\/ -->\n<title>Junior Gaming PR &amp; Communications Manager - GOATPixel<\/title>\n<meta name=\"description\" content=\"GOATPIXEL \u00e9 uma agencia de esports e videojogos sediada em Portugal\" \/>\n<meta name=\"robots\" content=\"index, follow, max-snippet:-1, max-image-preview:large, max-video-preview:-1\" \/>\n<link rel=\"canonical\" href=\"https:\/\/goatpixel.com\/en\/juniorgamingpr\/\" \/>\n<meta property=\"og:locale\" content=\"en_GB\" \/>\n<meta property=\"og:type\" content=\"article\" \/>\n<meta property=\"og:title\" content=\"Junior Gaming PR &amp; Communications Manager - GOATPixel\" \/>\n<meta property=\"og:description\" content=\"GOATPIXEL \u00e9 uma agencia de esports e videojogos sediada em Portugal\" \/>\n<meta property=\"og:url\" content=\"https:\/\/goatpixel.com\/en\/juniorgamingpr\/\" \/>\n<meta property=\"og:site_name\" content=\"GOATPixel\" \/>\n<meta property=\"article:publisher\" content=\"https:\/\/www.facebook.com\/thegoatpixel\/\" \/>\n<meta property=\"article:modified_time\" content=\"2022-07-26T10:09:27+00:00\" \/>\n<meta property=\"og:image\" content=\"https:\/\/goatpixel.com\/wp-content\/uploads\/2022\/07\/job3.jpg\" \/>\n\t<meta property=\"og:image:width\" content=\"732\" \/>\n\t<meta property=\"og:image:height\" content=\"953\" \/>\n\t<meta property=\"og:image:type\" content=\"image\/jpeg\" \/>\n<meta name=\"twitter:card\" content=\"summary_large_image\" \/>\n<meta name=\"twitter:site\" content=\"@thegoatpixel\" \/>\n<meta name=\"twitter:label1\" content=\"Estimated reading time\" \/>\n\t<meta name=\"twitter:data1\" content=\"2 minutes\" \/>\n<script type=\"application\/ld+json\" class=\"yoast-schema-graph\">{\"@context\":\"https:\/\/schema.org\",\"@graph\":[{\"@type\":\"WebPage\",\"@id\":\"https:\/\/goatpixel.com\/juniorgamingpr\/\",\"url\":\"https:\/\/goatpixel.com\/juniorgamingpr\/\",\"name\":\"Junior Gaming PR & Communications Manager - GOATPixel\",\"isPartOf\":{\"@id\":\"https:\/\/goatpixel.com\/#website\"},\"primaryImageOfPage\":{\"@id\":\"https:\/\/goatpixel.com\/juniorgamingpr\/#primaryimage\"},\"image\":{\"@id\":\"https:\/\/goatpixel.com\/juniorgamingpr\/#primaryimage\"},\"thumbnailUrl\":\"https:\/\/goatpixel.com\/wp-content\/uploads\/2022\/07\/job3.jpg\",\"datePublished\":\"2022-07-22T14:45:11+00:00\",\"dateModified\":\"2022-07-26T10:09:27+00:00\",\"description\":\"GOATPIXEL \u00e9 uma agencia de esports e videojogos sediada em Portugal\",\"breadcrumb\":{\"@id\":\"https:\/\/goatpixel.com\/juniorgamingpr\/#breadcrumb\"},\"inLanguage\":\"en-GB\",\"potentialAction\":[{\"@type\":\"ReadAction\",\"target\":[\"https:\/\/goatpixel.com\/juniorgamingpr\/\"]}]},{\"@type\":\"ImageObject\",\"inLanguage\":\"en-GB\",\"@id\":\"https:\/\/goatpixel.com\/juniorgamingpr\/#primaryimage\",\"url\":\"https:\/\/goatpixel.com\/wp-content\/uploads\/2022\/07\/job3.jpg\",\"contentUrl\":\"https:\/\/goatpixel.com\/wp-content\/uploads\/2022\/07\/job3.jpg\",\"width\":732,\"height\":953},{\"@type\":\"BreadcrumbList\",\"@id\":\"https:\/\/goatpixel.com\/juniorgamingpr\/#breadcrumb\",\"itemListElement\":[{\"@type\":\"ListItem\",\"position\":1,\"name\":\"Home\",\"item\":\"https:\/\/goatpixel.com\/\"},{\"@type\":\"ListItem\",\"position\":2,\"name\":\"Junior Gaming PR &#038; Communications Manager\"}]},{\"@type\":\"WebSite\",\"@id\":\"https:\/\/goatpixel.com\/#website\",\"url\":\"https:\/\/goatpixel.com\/\",\"name\":\"GOATPixel\",\"description\":\"Greatest Of All Time Pixel\",\"publisher\":{\"@id\":\"https:\/\/goatpixel.com\/#organization\"},\"potentialAction\":[{\"@type\":\"SearchAction\",\"target\":{\"@type\":\"EntryPoint\",\"urlTemplate\":\"https:\/\/goatpixel.com\/?s={search_term_string}\"},\"query-input\":\"required name=search_term_string\"}],\"inLanguage\":\"en-GB\"},{\"@type\":\"Organization\",\"@id\":\"https:\/\/goatpixel.com\/#organization\",\"name\":\"GOATPixel\",\"url\":\"https:\/\/goatpixel.com\/\",\"logo\":{\"@type\":\"ImageObject\",\"inLanguage\":\"en-GB\",\"@id\":\"https:\/\/goatpixel.com\/#\/schema\/logo\/image\/\",\"url\":\"https:\/\/goatpixel.com\/wp-content\/uploads\/2020\/10\/goatpixel-square.jpg\",\"contentUrl\":\"https:\/\/goatpixel.com\/wp-content\/uploads\/2020\/10\/goatpixel-square.jpg\",\"width\":630,\"height\":630,\"caption\":\"GOATPixel\"},\"image\":{\"@id\":\"https:\/\/goatpixel.com\/#\/schema\/logo\/image\/\"},\"sameAs\":[\"https:\/\/www.facebook.com\/thegoatpixel\/\",\"https:\/\/x.com\/thegoatpixel\",\"https:\/\/www.instagram.com\/thegoatpixel\/\"]}]}<\/script>\n<!-- \/ Yoast SEO plugin. -->","yoast_head_json":{"title":"Junior Gaming PR & Communications Manager - GOATPixel","description":"GOATPIXEL \u00e9 uma agencia de esports e videojogos sediada em Portugal","robots":{"index":"index","follow":"follow","max-snippet":"max-snippet:-1","max-image-preview":"max-image-preview:large","max-video-preview":"max-video-preview:-1"},"canonical":"https:\/\/goatpixel.com\/en\/juniorgamingpr\/","og_locale":"en_GB","og_type":"article","og_title":"Junior Gaming PR & Communications Manager - GOATPixel","og_description":"GOATPIXEL \u00e9 uma agencia de esports e videojogos sediada em Portugal","og_url":"https:\/\/goatpixel.com\/en\/juniorgamingpr\/","og_site_name":"GOATPixel","article_publisher":"https:\/\/www.facebook.com\/thegoatpixel\/","article_modified_time":"2022-07-26T10:09:27+00:00","og_image":[{"width":732,"height":953,"url":"https:\/\/goatpixel.com\/wp-content\/uploads\/2022\/07\/job3.jpg","type":"image\/jpeg"}],"twitter_card":"summary_large_image","twitter_site":"@thegoatpixel","twitter_misc":{"Estimated reading time":"2 minutes"},"schema":{"@context":"https:\/\/schema.org","@graph":[{"@type":"WebPage","@id":"https:\/\/goatpixel.com\/juniorgamingpr\/","url":"https:\/\/goatpixel.com\/juniorgamingpr\/","name":"Junior Gaming PR & Communications Manager - GOATPixel","isPartOf":{"@id":"https:\/\/goatpixel.com\/#website"},"primaryImageOfPage":{"@id":"https:\/\/goatpixel.com\/juniorgamingpr\/#primaryimage"},"image":{"@id":"https:\/\/goatpixel.com\/juniorgamingpr\/#primaryimage"},"thumbnailUrl":"https:\/\/goatpixel.com\/wp-content\/uploads\/2022\/07\/job3.jpg","datePublished":"2022-07-22T14:45:11+00:00","dateModified":"2022-07-26T10:09:27+00:00","description":"GOATPIXEL \u00e9 uma agencia de esports e videojogos sediada em Portugal","breadcrumb":{"@id":"https:\/\/goatpixel.com\/juniorgamingpr\/#breadcrumb"},"inLanguage":"en-GB","potentialAction":[{"@type":"ReadAction","target":["https:\/\/goatpixel.com\/juniorgamingpr\/"]}]},{"@type":"ImageObject","inLanguage":"en-GB","@id":"https:\/\/goatpixel.com\/juniorgamingpr\/#primaryimage","url":"https:\/\/goatpixel.com\/wp-content\/uploads\/2022\/07\/job3.jpg","contentUrl":"https:\/\/goatpixel.com\/wp-content\/uploads\/2022\/07\/job3.jpg","width":732,"height":953},{"@type":"BreadcrumbList","@id":"https:\/\/goatpixel.com\/juniorgamingpr\/#breadcrumb","itemListElement":[{"@type":"ListItem","position":1,"name":"Home","item":"https:\/\/goatpixel.com\/"},{"@type":"ListItem","position":2,"name":"Junior Gaming PR &#038; Communications Manager"}]},{"@type":"WebSite","@id":"https:\/\/goatpixel.com\/#website","url":"https:\/\/goatpixel.com\/","name":"GOATPixel","description":"Greatest Of All Time Pixel","publisher":{"@id":"https:\/\/goatpixel.com\/#organization"},"potentialAction":[{"@type":"SearchAction","target":{"@type":"EntryPoint","urlTemplate":"https:\/\/goatpixel.com\/?s={search_term_string}"},"query-input":"required name=search_term_string"}],"inLanguage":"en-GB"},{"@type":"Organization","@id":"https:\/\/goatpixel.com\/#organization","name":"GOATPixel","url":"https:\/\/goatpixel.com\/","logo":{"@type":"ImageObject","inLanguage":"en-GB","@id":"https:\/\/goatpixel.com\/#\/schema\/logo\/image\/","url":"https:\/\/goatpixel.com\/wp-content\/uploads\/2020\/10\/goatpixel-square.jpg","contentUrl":"https:\/\/goatpixel.com\/wp-content\/uploads\/2020\/10\/goatpixel-square.jpg","width":630,"height":630,"caption":"GOATPixel"},"image":{"@id":"https:\/\/goatpixel.com\/#\/schema\/logo\/image\/"},"sameAs":["https:\/\/www.facebook.com\/thegoatpixel\/","https:\/\/x.com\/thegoatpixel","https:\/\/www.instagram.com\/thegoatpixel\/"]}]}},"_links":{"self":[{"href":"https:\/\/goatpixel.com\/en\/wp-json\/wp\/v2\/pages\/7760"}],"collection":[{"href":"https:\/\/goatpixel.com\/en\/wp-json\/wp\/v2\/pages"}],"about":[{"href":"https:\/\/goatpixel.com\/en\/wp-json\/wp\/v2\/types\/page"}],"author":[{"embeddable":true,"href":"https:\/\/goatpixel.com\/en\/wp-json\/wp\/v2\/users\/1"}],"replies":[{"embeddable":true,"href":"https:\/\/goatpixel.com\/en\/wp-json\/wp\/v2\/comments?post=7760"}],"version-history":[{"count":50,"href":"https:\/\/goatpixel.com\/en\/wp-json\/wp\/v2\/pages\/7760\/revisions"}],"predecessor-version":[{"id":7894,"href":"https:\/\/goatpixel.com\/en\/wp-json\/wp\/v2\/pages\/7760\/revisions\/7894"}],"wp:featuredmedia":[{"embeddable":true,"href":"https:\/\/goatpixel.com\/en\/wp-json\/wp\/v2\/media\/7756"}],"wp:attachment":[{"href":"https:\/\/goatpixel.com\/en\/wp-json\/wp\/v2\/media?parent=7760"}],"curies":[{"name":"wp","href":"https:\/\/api.w.org\/{rel}","templated":true}]}}